{"id":256,"date":"2022-05-08T22:37:49","date_gmt":"2022-05-08T20:37:49","guid":{"rendered":"http:\/\/arts360.pl\/?page_id=256"},"modified":"2024-07-05T07:16:17","modified_gmt":"2024-07-05T05:16:17","slug":"offer","status":"publish","type":"page","link":"http:\/\/arts360.pl\/?page_id=256&lang=en","title":{"rendered":"CONTACT"},"content":{"rendered":"\n<p class=\"has-text-align-center\"><strong>ARTS360 \u0141ukasz W\u00f3jtowicz<\/strong><\/p>\n\n\n\n<p class=\"has-text-align-center\">ul. Kwiatowa 3, 24-200 Be\u0142\u017cyce<\/p>\n\n\n\n<p class=\"has-text-align-center\">NIP: 713-29-41-364, REGON: 521062800<\/p>\n\n\n\n<p class=\"has-text-align-center\">office@arts360.pl<\/p>\n\n\n\n<p><\/p>\n","protected":false},"excerpt":{"rendered":"<p>ARTS360 \u0141ukasz W\u00f3jtowicz ul. Kwiatowa 3, 24-200 Be\u0142\u017cyce NIP: 713-29-41-364, REGON: 521062800 office@arts360.pl<\/p>\n","protected":false},"author":1,"featured_media":0,"parent":0,"menu_order":0,"comment_status":"closed","ping_status":"closed","template":"","meta":{"footnotes":""},"class_list":["post-256","page","type-page","status-publish","hentry"],"_links":{"self":[{"href":"http:\/\/arts360.pl\/index.php?rest_route=\/wp\/v2\/pages\/256","targetHints":{"allow":["GET"]}}],"collection":[{"href":"http:\/\/arts360.pl\/index.php?rest_route=\/wp\/v2\/pages"}],"about":[{"href":"http:\/\/arts360.pl\/index.php?rest_route=\/wp\/v2\/types\/page"}],"author":[{"embeddable":true,"href":"http:\/\/arts360.pl\/index.php?rest_route=\/wp\/v2\/users\/1"}],"replies":[{"embeddable":true,"href":"http:\/\/arts360.pl\/index.php?rest_route=%2Fwp%2Fv2%2Fcomments&post=256"}],"version-history":[{"count":5,"href":"http:\/\/arts360.pl\/index.php?rest_route=\/wp\/v2\/pages\/256\/revisions"}],"predecessor-version":[{"id":373,"href":"http:\/\/arts360.pl\/index.php?rest_route=\/wp\/v2\/pages\/256\/revisions\/373"}],"wp:attachment":[{"href":"http:\/\/arts360.pl\/index.php?rest_route=%2Fwp%2Fv2%2Fmedia&parent=256"}],"curies":[{"name":"wp","href":"https:\/\/api.w.org\/{rel}","templated":true}]}}