{"id":292,"date":"2022-05-11T00:44:15","date_gmt":"2022-05-10T22:44:15","guid":{"rendered":"http:\/\/arts360.pl\/?page_id=292"},"modified":"2023-01-11T14:41:10","modified_gmt":"2023-01-11T13:41:10","slug":"theatre-production","status":"publish","type":"page","link":"http:\/\/arts360.pl\/?page_id=292&lang=en","title":{"rendered":"Theatre production"},"content":{"rendered":"\n<p>Festivals production:<\/p>\n\n\n\n<ul class=\"wp-block-list\">\n<li>(2020-2022)\u00a0<strong>Festiwal Rzeczpospolita B.<\/strong>\u00a0in Belzyce in a rural area of Lublin region, created in cooperation with the local culture house. Co-author, curator and producer of the festival. <\/li>\n\n\n\n<li>(2022)<strong>\u00a0NEAR EAST Festival<\/strong> in Lublin, a showcase of \u00a0Belarusian theatre and art, organized by the Artists Association Near East with a consortium of 10 partners &#8211; public institutions and NGOs from Lublin and Poland.<\/li>\n<\/ul>\n\n\n\n<p><span style=\"text-decoration: underline;\">Theatre performance production: <\/span><\/p>\n\n\n\n<ul class=\"wp-block-list\">\n<li>(2014) <strong>&#8220;The HIDEOUT\/Kryj\u00f3wka&#8221;<\/strong> dir. P. Passini, (Culture Center in Lublinie, within international art-social project &#8220;Songs of My Neighbours&#8221; run in cooperation with Center of Performing Arts MITOS from Cyprus, Teatro Astragalii from Italy and Grotowski Institute in Wroc\u0142aw); the performance had been performed more than 100 times in Poland and abroad, also was a part of tourne around Poland within Teatr Polska programme and 10 shows in Tianjin and Harbin in China, awarded on festivals  Kontrapunkt in Szczecin, Korczak in Warszawa, Klamra w Toru\u0144.<\/li>\n\n\n\n<li>(2015) <strong>&#8220;Poles&#8221;<\/strong> dir. P. Passini, (cooproduction Culture Center in Lublinie and Teatr Maska in&nbsp;Rzesz\u00f3w),<\/li>\n\n\n\n<li>(2015) <strong>&#8220;#enterorestes&#8221;<\/strong> dir. G. Grecas within 1st Competition of J. Dorman run by Theatre Institute in Warszawa (Lublin, Artists Association NEAR EAST in cooperation with Theatre Academy in Wroc\u0142aw and Culture Center in Lublin),<\/li>\n\n\n\n<li>(2016) <strong>&#8220;Sign of Jonas&#8221;<\/strong> dir. P. Passini, (Culture Center in Lublin for Gorzkie \u017bale Festival in Warszawa in cooperation with Programme 2 of Polish Radio), performance was choosen for tourne around Poland within Teatr Polska programme,<\/li>\n\n\n\n<li>(2016) <strong>&#8220;The BOX&#8221;<\/strong> dir. P. Passini, (Culture Center in Lublin and Artists Association NEAR EAST for Theatre Olimpics Festival in Wroc\u0142aw). <\/li>\n<\/ul>\n\n\n\n<figure class=\"wp-block-gallery has-nested-images columns-default is-cropped wp-block-gallery-1 is-layout-flex wp-block-gallery-is-layout-flex\">\n<figure class=\"wp-block-image size-large\"><img loading=\"lazy\" decoding=\"async\" width=\"1024\" height=\"576\" data-id=\"168\" src=\"http:\/\/arts360.pl\/wp-content\/uploads\/2022\/03\/t10-9-1024x576.jpg\" alt=\"\" class=\"wp-image-168\" srcset=\"http:\/\/arts360.pl\/wp-content\/uploads\/2022\/03\/t10-9-1024x576.jpg 1024w, http:\/\/arts360.pl\/wp-content\/uploads\/2022\/03\/t10-9-300x169.jpg 300w, http:\/\/arts360.pl\/wp-content\/uploads\/2022\/03\/t10-9-768x432.jpg 768w, http:\/\/arts360.pl\/wp-content\/uploads\/2022\/03\/t10-9-1536x864.jpg 1536w, http:\/\/arts360.pl\/wp-content\/uploads\/2022\/03\/t10-9-2048x1152.jpg 2048w, http:\/\/arts360.pl\/wp-content\/uploads\/2022\/03\/t10-9-720x405.jpg 720w\" sizes=\"auto, (max-width: 1024px) 100vw, 1024px\" \/><figcaption class=\"wp-element-caption\">&#8216;Poles&#8217; in Teatr Maska, Rzesz\u00f3w 2015-2017<\/figcaption><\/figure>\n\n\n\n<figure class=\"wp-block-image size-large\"><img loading=\"lazy\" decoding=\"async\" width=\"1024\" height=\"576\" data-id=\"167\" src=\"http:\/\/arts360.pl\/wp-content\/uploads\/2022\/03\/t12-14-1024x576.jpg\" alt=\"\" class=\"wp-image-167\" srcset=\"http:\/\/arts360.pl\/wp-content\/uploads\/2022\/03\/t12-14-1024x576.jpg 1024w, http:\/\/arts360.pl\/wp-content\/uploads\/2022\/03\/t12-14-300x169.jpg 300w, http:\/\/arts360.pl\/wp-content\/uploads\/2022\/03\/t12-14-768x432.jpg 768w, http:\/\/arts360.pl\/wp-content\/uploads\/2022\/03\/t12-14-1536x864.jpg 1536w, http:\/\/arts360.pl\/wp-content\/uploads\/2022\/03\/t12-14-2048x1152.jpg 2048w, http:\/\/arts360.pl\/wp-content\/uploads\/2022\/03\/t12-14-720x405.jpg 720w\" sizes=\"auto, (max-width: 1024px) 100vw, 1024px\" \/><figcaption class=\"wp-element-caption\">Stryje\u0144ska. Let&#8217;s Dance Zofia in SOHO Teatr in Warszawa, 2019<\/figcaption><\/figure>\n\n\n\n<figure class=\"wp-block-image size-large\"><img loading=\"lazy\" decoding=\"async\" width=\"1024\" height=\"683\" data-id=\"169\" src=\"http:\/\/arts360.pl\/wp-content\/uploads\/2022\/03\/y2-22-1024x683.jpg\" alt=\"\" class=\"wp-image-169\" srcset=\"http:\/\/arts360.pl\/wp-content\/uploads\/2022\/03\/y2-22-1024x683.jpg 1024w, http:\/\/arts360.pl\/wp-content\/uploads\/2022\/03\/y2-22-300x200.jpg 300w, http:\/\/arts360.pl\/wp-content\/uploads\/2022\/03\/y2-22-768x512.jpg 768w, http:\/\/arts360.pl\/wp-content\/uploads\/2022\/03\/y2-22-1536x1024.jpg 1536w, http:\/\/arts360.pl\/wp-content\/uploads\/2022\/03\/y2-22-2048x1365.jpg 2048w, http:\/\/arts360.pl\/wp-content\/uploads\/2022\/03\/y2-22-720x480.jpg 720w, http:\/\/arts360.pl\/wp-content\/uploads\/2022\/03\/y2-22-286x192.jpg 286w\" sizes=\"auto, (max-width: 1024px) 100vw, 1024px\" \/><figcaption class=\"wp-element-caption\">&#8216;Deads or Alives&#8230;.&#8217; The Old Theatre in Lublin, 2017-2018<\/figcaption><\/figure>\n<\/figure>\n\n\n\n<ul class=\"wp-block-list\">\n<li>(2017) <strong>&#8220;Deads or  Alives, that is Bandits in the Hell&#8221;<\/strong> dir. J. Lewicka (premiere in The Old Theater in Lublin, producer Fundacja Teatrikon), awarded in Classics Alive Competition with special award of St. Hebanowski for repertoire discovery,<\/li>\n\n\n\n<li>(2018) <strong>&#8220;Stryje\u0144ska. Let&#8217;s Dance Zofia&#8221;<\/strong> monodrame of Dorota Landowska in dir. J. Lewicka based on text of Anna Duda (2018, prapremiere in Polish Institute in Roma, coproduction Artists Association NEAR EAST with Culture Meetings Center in Lublin and Musical Theater in Lublin,<\/li>\n\n\n\n<li>(2019) <strong>&#8220;ZEN_IT&#8221;<\/strong> dir. P. Prokopiuk, producer Fundacja Klub Kontra, premiere show in Katowice Garden&#8217;s City, performance get 5 awards (Grand Prix included) on Katowice Theatre Round, production support and stage designer,<\/li>\n\n\n\n<li>(2020) <strong>&#8220;DIONIZOS360&#8221;<\/strong> dir P. Passini, Artists Association NEAR EAST in cooperation with Culture Center in Lublin, Labyrinth Gallery in Lublin, \u0141\u00f3d\u017a Film School, perofrmance realized in video 360 technology,<\/li>\n\n\n\n<li>(2020) <strong>&#8220;The Surename&#8221; <\/strong>dir. P. Prokopiuk, NEAR EAST Association in cooperation with Rozbark Theater in Bytom, performance get award &#8216;Shaking the Walls&#8217; from international jury on Gdansk Shakespaer Festival in SzekspirOFF line,<\/li>\n\n\n\n<li>(2020) <strong>&#8220;Propaganda.uciele\u015bnienie&#8221;<\/strong> chor. A. Piotrowska (Rozbark Theater in Bytom),<\/li>\n\n\n\n<li>(2021) <strong>&#8220;Rozbark. Does nothing change?&#8221; <\/strong>dir. G. Grecas (Rozbark Theater in Bytom in cooperation with Migawki Collective and Fundacja Inqubator Teatralny),<\/li>\n\n\n\n<li>(2021) <strong>&#8220;SAUNA EVENING&#8221;<\/strong> dir. P. Prokopiuk (Artists Association NEAR EAST in cooperation with Theatre Academy Theatre Dance Department in Bytom and Bytom&#8217;s Culture Center, open air performance with premiere show in People&#8217;s Park in Bytom-Miechowice, production financed by OFF Polska programme; creative producer, financial manager, stage designer.<\/li>\n<\/ul>\n\n\n\n<div class=\"wp-block-group\"><div class=\"wp-block-group__inner-container is-layout-flow wp-block-group-is-layout-flow\"><\/div><\/div>\n\n\n\n<figure class=\"wp-block-gallery has-nested-images columns-default is-cropped wp-block-gallery-2 is-layout-flex wp-block-gallery-is-layout-flex\">\n<figure class=\"wp-block-image size-large\"><img loading=\"lazy\" decoding=\"async\" width=\"1024\" height=\"576\" data-id=\"171\" src=\"http:\/\/arts360.pl\/wp-content\/uploads\/2022\/03\/20201212_154100-2-1024x576.jpg\" alt=\"\" class=\"wp-image-171\" srcset=\"http:\/\/arts360.pl\/wp-content\/uploads\/2022\/03\/20201212_154100-2-1024x576.jpg 1024w, http:\/\/arts360.pl\/wp-content\/uploads\/2022\/03\/20201212_154100-2-300x169.jpg 300w, http:\/\/arts360.pl\/wp-content\/uploads\/2022\/03\/20201212_154100-2-768x432.jpg 768w, http:\/\/arts360.pl\/wp-content\/uploads\/2022\/03\/20201212_154100-2-1536x864.jpg 1536w, http:\/\/arts360.pl\/wp-content\/uploads\/2022\/03\/20201212_154100-2-2048x1152.jpg 2048w, http:\/\/arts360.pl\/wp-content\/uploads\/2022\/03\/20201212_154100-2-720x405.jpg 720w\" sizes=\"auto, (max-width: 1024px) 100vw, 1024px\" \/><figcaption class=\"wp-element-caption\">Festiwal Rzeczpospolita B. 2020 w Be\u0142\u017cycach<\/figcaption><\/figure>\n\n\n\n<figure class=\"wp-block-image size-large\"><img loading=\"lazy\" decoding=\"async\" width=\"1024\" height=\"576\" data-id=\"172\" src=\"http:\/\/arts360.pl\/wp-content\/uploads\/2022\/03\/t3-3-1024x576.jpg\" alt=\"\" class=\"wp-image-172\" srcset=\"http:\/\/arts360.pl\/wp-content\/uploads\/2022\/03\/t3-3-1024x576.jpg 1024w, http:\/\/arts360.pl\/wp-content\/uploads\/2022\/03\/t3-3-300x169.jpg 300w, http:\/\/arts360.pl\/wp-content\/uploads\/2022\/03\/t3-3-768x432.jpg 768w, http:\/\/arts360.pl\/wp-content\/uploads\/2022\/03\/t3-3-1536x864.jpg 1536w, http:\/\/arts360.pl\/wp-content\/uploads\/2022\/03\/t3-3-2048x1152.jpg 2048w, http:\/\/arts360.pl\/wp-content\/uploads\/2022\/03\/t3-3-720x405.jpg 720w\" sizes=\"auto, (max-width: 1024px) 100vw, 1024px\" \/><figcaption class=\"wp-element-caption\">Kryj\u00f3wka w Krotoszynie &#8211; Teatr Polska 2015<\/figcaption><\/figure>\n\n\n\n<figure class=\"wp-block-image size-large\"><img loading=\"lazy\" decoding=\"async\" width=\"1024\" height=\"576\" data-id=\"170\" src=\"http:\/\/arts360.pl\/wp-content\/uploads\/2022\/03\/t6-3-1024x576.jpg\" alt=\"\" class=\"wp-image-170\" srcset=\"http:\/\/arts360.pl\/wp-content\/uploads\/2022\/03\/t6-3-1024x576.jpg 1024w, http:\/\/arts360.pl\/wp-content\/uploads\/2022\/03\/t6-3-300x169.jpg 300w, http:\/\/arts360.pl\/wp-content\/uploads\/2022\/03\/t6-3-768x432.jpg 768w, http:\/\/arts360.pl\/wp-content\/uploads\/2022\/03\/t6-3-1536x864.jpg 1536w, http:\/\/arts360.pl\/wp-content\/uploads\/2022\/03\/t6-3-2048x1152.jpg 2048w, http:\/\/arts360.pl\/wp-content\/uploads\/2022\/03\/t6-3-720x405.jpg 720w\" sizes=\"auto, (max-width: 1024px) 100vw, 1024px\" \/><figcaption class=\"wp-element-caption\">Kryj\u00f3wka w Chinach, Tianjin 2016<\/figcaption><\/figure>\n<\/figure>\n\n\n\n<p><\/p>\n","protected":false},"excerpt":{"rendered":"<p>Festivals production: Theatre performance production:<\/p>\n","protected":false},"author":1,"featured_media":0,"parent":0,"menu_order":0,"comment_status":"closed","ping_status":"closed","template":"","meta":{"footnotes":""},"class_list":["post-292","page","type-page","status-publish","hentry"],"_links":{"self":[{"href":"http:\/\/arts360.pl\/index.php?rest_route=\/wp\/v2\/pages\/292","targetHints":{"allow":["GET"]}}],"collection":[{"href":"http:\/\/arts360.pl\/index.php?rest_route=\/wp\/v2\/pages"}],"about":[{"href":"http:\/\/arts360.pl\/index.php?rest_route=\/wp\/v2\/types\/page"}],"author":[{"embeddable":true,"href":"http:\/\/arts360.pl\/index.php?rest_route=\/wp\/v2\/users\/1"}],"replies":[{"embeddable":true,"href":"http:\/\/arts360.pl\/index.php?rest_route=%2Fwp%2Fv2%2Fcomments&post=292"}],"version-history":[{"count":3,"href":"http:\/\/arts360.pl\/index.php?rest_route=\/wp\/v2\/pages\/292\/revisions"}],"predecessor-version":[{"id":346,"href":"http:\/\/arts360.pl\/index.php?rest_route=\/wp\/v2\/pages\/292\/revisions\/346"}],"wp:attachment":[{"href":"http:\/\/arts360.pl\/index.php?rest_route=%2Fwp%2Fv2%2Fmedia&parent=292"}],"curies":[{"name":"wp","href":"https:\/\/api.w.org\/{rel}","templated":true}]}}