{"id":302,"date":"2022-05-11T01:11:38","date_gmt":"2022-05-10T23:11:38","guid":{"rendered":"http:\/\/arts360.pl\/?page_id=302"},"modified":"2024-01-15T22:46:08","modified_gmt":"2024-01-15T21:46:08","slug":"international-activites","status":"publish","type":"page","link":"http:\/\/arts360.pl\/?page_id=302&lang=en","title":{"rendered":"International activites"},"content":{"rendered":"\n<p><span style=\"text-decoration: underline;\">Operator of international youth projects and training courses for art and culture workers (choosen projects from last years): <\/span><\/p>\n\n\n\n<ul class=\"wp-block-list\">\n<li>(2012) &#8220;Both Side Story&#8221;, Oldenburg, Germant. International theatre youth exchange with participants from Poland, Germany, Ukraine,<\/li>\n\n\n\n<li>(2012) &#8220;Together in the spotlight&#8221;, Baia Mare, Romania, International youth exchange with participants from Poland, Spain, Italy, Romania, Turkey,<\/li>\n\n\n\n<li>(2012) &#8220;Immagination is Our Nation&#8221;, Kingston, Great Britain, international youth exchnage for young people talented in performing arts from Poland, Germany, Spain and GB and participation in International Youth Arts Festival,<\/li>\n\n\n\n<li>(2013) &#8220;Ministry of Favourites Songs&#8221;, Hamburg, Germany, contact seminary for performing arts artists and managers from Poland, Germany, Croatia, Netherlands, Belgium, Spain, Austria,<\/li>\n\n\n\n<li>(2013) &#8220;Art in (E)Motion&#8221;, Bergen, Norway, international youth exchange for young people talented in performing and visual arts from Poland, Spain, Italy, Greece, Norway,<\/li>\n\n\n\n<li>(2013) &#8220;Art in (E)Motion&#8221; Candaleda, Spain, international youth exchange for young people talented in arts from Poland, Spain, Italy and Greece, <\/li>\n\n\n\n<li>(2014) &#8220;theatre.voice&#8221; Baden, Austria, international voice and music training for trainers<\/li>\n\n\n\n<li>(2014) &#8220;evs.connect&#8221;, Tulln, Austria, contact seminar for NGOs active in European Voluntary Service,<\/li>\n\n\n\n<li>(2014) &#8220;EDS Go on!&#8221; &#8211; Valeni de Munte, Romania, training course for educators and youthworkers about sustainability concept,<\/li>\n\n\n\n<li>(2015) &#8220;Fl\u00fcchtlinge in Europa&#8221;, Oldenburg, Germany. international theatre youth exchange with participants from Poland, Germany and Ukraine,<\/li>\n\n\n\n<li>(2015) &#8220;theater.camp&#8221;, Hinterbruhl, Austria, international performing arts camp for young people form Poland, Austria, Romania, Czech Rep., Ireland, Estonia,<\/li>\n\n\n\n<li>(2015) &#8220;Let&#8217;s Get It Started!&#8221;, Baia Mare, Romania, training course for culture educators from Poland, Romaina, Turkey, Latvia, Slovakia, Italy, Greece,<\/li>\n\n\n\n<li>(2015) &#8220;Explorando&#8221;, Benevento, Italy, international youth exchange for younf people talented in arts,<\/li>\n\n\n\n<li>(2016) &#8220;Resistance&#8221;, Oldenburg, Germany. international theatre youth exchange with participants from Poland, Germany and Ukraine,<\/li>\n\n\n\n<li>(2016) &#8220;Theatre of Human Rights&#8221;, Oldenburg, Germany. international theatre youth exchange with participants from Poland, Germany, Portugal, Estonia, Latvia, Greece, Italy, Spain,<\/li>\n\n\n\n<li>(2016) &#8220;Parading for Human Rights&#8221;, Poggio Mirteto, Italy, Germany. international performing arts youth exchange with participants from Poland, Italy, Ireland, Greece, Hungary, Lithuania, and participation in the ARTE.r.i.e festival.<\/li>\n\n\n\n<li>(2017) &#8220;Weisse Rose 1&#8221;, Oldenburg, Germany. international theatre youth exchange with participants from Poland, Germany and Russia,<\/li>\n\n\n\n<li>(2017-2019) &#8220;LovEarth through Arts&#8221; &#8211; partnership project with 5 training courses in 5 countries for artists, youthworkers and educators from Poland, Germany, Portugal, Italy and Romania,<\/li>\n\n\n\n<li>(2018) &#8220;Equal Love&#8221;, Oldenburg, Germany. international theatre youth exchange with participants from Poland, Germany, Spain, Ireland, Slovenia, <\/li>\n\n\n\n<li>(2018) &#8220;Music for Chameleons&#8221; &#8211; Albegaria-a-Velha, Portugal. international performing arts youth exchange for young people talented in arts and participation in Dos Modos Nascem Coisas festival, <\/li>\n\n\n\n<li>(2019) &#8220;Pietruszka\/Petersille&#8221; &#8211; Oldenburg, international theatre youth exchange with participants from Poland, Germany and Ukraine,<\/li>\n\n\n\n<li>(2019) &#8220;Hippies&#8221; &#8211; Oldenburg, Germany. international theatre youth exchange with participants from Poland, Germany and Ukraine,<\/li>\n\n\n\n<li>(2019) &#8220;No Bad Religion&#8221;, Oldenburg, Germany. international theatre youth exchange with participants from Poland, Slovenia, Morocco, Portugal, Giorgia, Germany<\/li>\n\n\n\n<li>(2019) &#8220;&#8221;TransYouth&#8221;, Oldenburg, Germany. international youth exchange with participants from Poland, Germany, Slovenia, Spain, Italy, Portugal,<\/li>\n\n\n\n<li>(2019-2022) &#8220;Identity Figures&#8221; &#8211; partnership project with international seminars implemented in Lublin, Squillace (Italy), Valencia (Spain), Hamburg (Germany) for theatre makers from Poland, Spain, Italy, Germany and Croatia,<\/li>\n\n\n\n<li>(2019-2022) &#8220;Socialartshub&#8221; &#8211; partnership project with 5 training courses in 5 countries for artists and culture-social workers active in local communities from Poland, Germany, Italy, Greece and Portugal,<\/li>\n\n\n\n<li>(2021) &#8220;Back to the Roots&#8221; &#8211; Nurmes, Finland. international training course for youthworkers in the topic of eco education,,<\/li>\n\n\n\n<li>(2021) &#8220;Europe is&#8230;a Tree with endless roots&#8221;, Benevento, Italy. international youth exchange for young people talented in arts from Poland, Italy, Romania, Germany, Turkey,<\/li>\n\n\n\n<li>(2022) &#8220;Powr\u00f3t do przysz\u0142o\u015bci&#8221;, Oldenburg, Germany. international youth exchange with participants from Poland, Germany, Giorgia,<\/li>\n\n\n\n<li>(2022) &#8220;Shake your sound&#8221;, Santa Maria di Licodia, Italy. international youth exchange for participants from Poland, Italy, Finland, Kosovo, Portugal.<\/li>\n\n\n\n<li>(2022) &#8220;Ciao Italia&#8221;, Salo, Italy. international youth exchange for participants from Poland, Italy, Finland, and Ukraine.<\/li>\n\n\n\n<li>(2023) &#8220;New Music Community Leaders&#8221;, Procida, Italy. International music youth exchange for participants from Poland, Italy, Greece, Lithuania, Germany, Croatia.<\/li>\n\n\n\n<li>(2023) &#8220;Inspired BY TOMorrow&#8221;, Bytom, Poland. International youth exchange for future culture professionals from Poland, Italy, Ukraine.<\/li>\n\n\n\n<li>(2023) &#8216;New Theatre Generation&#8221;, Lublin, Poland. International seminar for young theatremakers from Poland, Hungary, Czech Republic.<\/li>\n\n\n\n<li>(2023) &#8216;Community Music Leaders&#8217;, Procida, Italy. International training course for artists and culture animators focused on social-music projects.<\/li>\n\n\n\n<li>(2023) &#8216;Artivism for Future&#8217;, Gemeinde Herrnbaumgartner, Austria, international training course about eco-friendly approach of performing arts,<\/li>\n\n\n\n<li>(2023) &#8216;(re)connection&#8217;, Poronin, Poland, International youth exchange about mental health for participants from Italy, Poland and Finland,<\/li>\n\n\n\n<li>(2023) &#8216;Found at the attic&#8217;, Oldenburg, Germany, theatre international youth exchange with participants from Poland, Germany, Ukraine,<\/li>\n\n\n\n<li>(2023) &#8216;E(co)MOTION&#8217;, Lublin, Poland, international exchange of young artists from Poland, Italy, Cyprus, Portugal, Germany,<\/li>\n\n\n\n<li>(2023) &#8216;Er\u00e4taitoja ja historiaa&#8217;, Luum\u00e4ki, Finland, bilateral youth exchange for participants from Poland and Finland,<\/li>\n\n\n\n<li>(2023) &#8216;PHOTOsynthesis&#8217;, Bytom, Poland, photo youth exchange for participants from Poland, Romania, Czech Republic, Portugal, Finland,<\/li>\n\n\n\n<li>(2023) &#8216;EXODUS&#8217;, San Antonio del Sannio, Italy. International youth exchange for young people talented in arts from Poland, Italy, Turkey, North Macedonia, Spain, Germany, and Romania.<\/li>\n\n\n\n<li>(2023) &#8216;Social Theatre&#8217;, Procida, Italy, International training course for theatre educators,<\/li>\n\n\n\n<li>(2023) &#8216;BOOTCAMP&#8217;, Procida, Italy, International training course about music community projects<\/li>\n\n\n\n<li>(2023) &#8216;Better Together&#8217;, Puente Genil, Spain, International training course about youthwork,<\/li>\n\n\n\n<li>(2023) &#8216;CLENE: Creative Learning Environment in Non-Formal Education&#8217;, Veli Iz, Croatia, international training course about art tools as educational methods for youth work<\/li>\n\n\n\n<li>(2023) &#8216;Ciao Suomi&#8217;, Nurmes, Finland. International youth exchange about well-being for participants from Poland, Italy, Spain, Ukraine and Finland. <\/li>\n<\/ul>\n\n\n\n<figure class=\"wp-block-gallery has-nested-images columns-default is-cropped wp-block-gallery-1 is-layout-flex wp-block-gallery-is-layout-flex\">\n<figure class=\"wp-block-image size-large\"><img loading=\"lazy\" decoding=\"async\" width=\"1024\" height=\"576\" data-id=\"176\" src=\"http:\/\/arts360.pl\/wp-content\/uploads\/2022\/03\/20190628_122115-1024x576.jpg\" alt=\"\" class=\"wp-image-176\" srcset=\"http:\/\/arts360.pl\/wp-content\/uploads\/2022\/03\/20190628_122115-1024x576.jpg 1024w, http:\/\/arts360.pl\/wp-content\/uploads\/2022\/03\/20190628_122115-300x169.jpg 300w, http:\/\/arts360.pl\/wp-content\/uploads\/2022\/03\/20190628_122115-768x432.jpg 768w, http:\/\/arts360.pl\/wp-content\/uploads\/2022\/03\/20190628_122115-1536x864.jpg 1536w, http:\/\/arts360.pl\/wp-content\/uploads\/2022\/03\/20190628_122115-2048x1152.jpg 2048w, http:\/\/arts360.pl\/wp-content\/uploads\/2022\/03\/20190628_122115-720x405.jpg 720w\" sizes=\"auto, (max-width: 1024px) 100vw, 1024px\" \/><figcaption class=\"wp-element-caption\">Identity Figures, Lublin 2019<\/figcaption><\/figure>\n\n\n\n<figure class=\"wp-block-image size-large\"><img loading=\"lazy\" decoding=\"async\" width=\"1024\" height=\"576\" data-id=\"177\" src=\"http:\/\/arts360.pl\/wp-content\/uploads\/2022\/03\/20191129_181629-1024x576.jpg\" alt=\"\" class=\"wp-image-177\" srcset=\"http:\/\/arts360.pl\/wp-content\/uploads\/2022\/03\/20191129_181629-1024x576.jpg 1024w, http:\/\/arts360.pl\/wp-content\/uploads\/2022\/03\/20191129_181629-300x169.jpg 300w, http:\/\/arts360.pl\/wp-content\/uploads\/2022\/03\/20191129_181629-768x432.jpg 768w, http:\/\/arts360.pl\/wp-content\/uploads\/2022\/03\/20191129_181629-1536x864.jpg 1536w, http:\/\/arts360.pl\/wp-content\/uploads\/2022\/03\/20191129_181629-2048x1152.jpg 2048w, http:\/\/arts360.pl\/wp-content\/uploads\/2022\/03\/20191129_181629-720x405.jpg 720w\" sizes=\"auto, (max-width: 1024px) 100vw, 1024px\" \/><figcaption class=\"wp-element-caption\">Partnership meetign Socialartshub, Benevento 2019<\/figcaption><\/figure>\n\n\n\n<figure class=\"wp-block-image size-large\"><img loading=\"lazy\" decoding=\"async\" width=\"1024\" height=\"576\" data-id=\"178\" src=\"http:\/\/arts360.pl\/wp-content\/uploads\/2022\/03\/20211206_112321-1024x576.jpg\" alt=\"\" class=\"wp-image-178\" srcset=\"http:\/\/arts360.pl\/wp-content\/uploads\/2022\/03\/20211206_112321-1024x576.jpg 1024w, http:\/\/arts360.pl\/wp-content\/uploads\/2022\/03\/20211206_112321-300x169.jpg 300w, http:\/\/arts360.pl\/wp-content\/uploads\/2022\/03\/20211206_112321-768x432.jpg 768w, http:\/\/arts360.pl\/wp-content\/uploads\/2022\/03\/20211206_112321-1536x864.jpg 1536w, http:\/\/arts360.pl\/wp-content\/uploads\/2022\/03\/20211206_112321-2048x1152.jpg 2048w, http:\/\/arts360.pl\/wp-content\/uploads\/2022\/03\/20211206_112321-720x405.jpg 720w\" sizes=\"auto, (max-width: 1024px) 100vw, 1024px\" \/><figcaption class=\"wp-element-caption\">Europe is&#8230;a Tree with endless roots, Benevento 2021<\/figcaption><\/figure>\n<\/figure>\n","protected":false},"excerpt":{"rendered":"<p>Operator of international youth projects and training courses for art and culture workers (choosen projects from last years):<\/p>\n","protected":false},"author":1,"featured_media":0,"parent":0,"menu_order":0,"comment_status":"closed","ping_status":"closed","template":"","meta":{"footnotes":""},"class_list":["post-302","page","type-page","status-publish","hentry"],"_links":{"self":[{"href":"http:\/\/arts360.pl\/index.php?rest_route=\/wp\/v2\/pages\/302","targetHints":{"allow":["GET"]}}],"collection":[{"href":"http:\/\/arts360.pl\/index.php?rest_route=\/wp\/v2\/pages"}],"about":[{"href":"http:\/\/arts360.pl\/index.php?rest_route=\/wp\/v2\/types\/page"}],"author":[{"embeddable":true,"href":"http:\/\/arts360.pl\/index.php?rest_route=\/wp\/v2\/users\/1"}],"replies":[{"embeddable":true,"href":"http:\/\/arts360.pl\/index.php?rest_route=%2Fwp%2Fv2%2Fcomments&post=302"}],"version-history":[{"count":5,"href":"http:\/\/arts360.pl\/index.php?rest_route=\/wp\/v2\/pages\/302\/revisions"}],"predecessor-version":[{"id":356,"href":"http:\/\/arts360.pl\/index.php?rest_route=\/wp\/v2\/pages\/302\/revisions\/356"}],"wp:attachment":[{"href":"http:\/\/arts360.pl\/index.php?rest_route=%2Fwp%2Fv2%2Fmedia&parent=302"}],"curies":[{"name":"wp","href":"https:\/\/api.w.org\/{rel}","templated":true}]}}