{"id":16,"date":"2022-03-18T21:24:42","date_gmt":"2022-03-18T20:24:42","guid":{"rendered":"http:\/\/arts360.pl\/?page_id=16"},"modified":"2024-01-23T12:06:44","modified_gmt":"2024-01-23T11:06:44","slug":"oferta","status":"publish","type":"page","link":"http:\/\/arts360.pl\/","title":{"rendered":"OFERTA"},"content":{"rendered":"<div class=\"wp-block-image\">\n<figure class=\"alignleft size-large is-resized\"><img loading=\"lazy\" decoding=\"async\" width=\"1024\" height=\"684\" src=\"http:\/\/arts360.pl\/wp-content\/uploads\/2024\/01\/ADI_3013-1024x684.jpg\" alt=\"\" class=\"wp-image-360\" style=\"width:453px;height:auto\" srcset=\"https:\/\/arts360.pl\/wp-content\/uploads\/2024\/01\/ADI_3013-1024x684.jpg 1024w, https:\/\/arts360.pl\/wp-content\/uploads\/2024\/01\/ADI_3013-300x200.jpg 300w, https:\/\/arts360.pl\/wp-content\/uploads\/2024\/01\/ADI_3013-768x513.jpg 768w, https:\/\/arts360.pl\/wp-content\/uploads\/2024\/01\/ADI_3013-1536x1025.jpg 1536w, https:\/\/arts360.pl\/wp-content\/uploads\/2024\/01\/ADI_3013-720x481.jpg 720w, https:\/\/arts360.pl\/wp-content\/uploads\/2024\/01\/ADI_3013-286x192.jpg 286w, https:\/\/arts360.pl\/wp-content\/uploads\/2024\/01\/ADI_3013.jpg 2048w\" sizes=\"auto, (max-width: 1024px) 100vw, 1024px\" \/><\/figure>\n<\/div>\n\n\n<p>Studio ARTS360 oferuje kompleksowe us\u0142ugi zarz\u0105dzania projektami artystycznymi,  kulturalnymi i edukacyjnymi i spo\u0142ecznymi w szczeg\u00f3lno\u015bci w zakresie produkcji wydarze\u0144, bud\u017cetowania i zarz\u0105dzania finansowego. <\/p>\n\n\n\n<p>Wspieramy artyst\u00f3w i animator\u00f3w w na ka\u017cdym etapie realizacji projektu. Pomagamy rozwin\u0105\u0107 pomys\u0142, zbudowa\u0107 kosztorys oraz zaprojektowa\u0107 model finansowania. Przyk\u0142ady dotychczas realizowanych projekt\u00f3w znajduj\u0105 si\u0119 w <a href=\"http:\/\/arts360.pl\/?page_id=29\">zak\u0142adce portfolio.<\/a><\/p>\n\n\n\n<p>Ponad 10-letnie do\u015bwiadczenie w pozyskiwaniu \u015brodk\u00f3w na dzia\u0142alno\u015b\u0107 w zakresie kultury i sztuki sprawia, \u017ce przygotowywane aplikacje s\u0105 wysoko oceniane przez komisje konkursowe i skutecznie zapewniaj\u0105 finansowanie dla pomys\u0142\u00f3w opracowywanych razem z naszymi partnerami. Wi\u0119cej informacji o wsp\u00f3\u0142pracy w zakresie finansowania dzia\u0142a\u0144 znajduje si\u0119 w <a href=\"http:\/\/arts360.pl\/?page_id=194\">zak\u0142adce dotacje.<\/a><\/p>\n\n\n\n<p>Zapraszamy do <a href=\"http:\/\/arts360.pl\/?page_id=19\">kontaktu.<\/a><\/p>\n\n\n\n<p><\/p>\n","protected":false},"excerpt":{"rendered":"<p>Studio ARTS360 oferuje kompleksowe us\u0142ugi zarz\u0105dzania projektami artystycznymi, kulturalnymi i edukacyjnymi i spo\u0142ecznymi w szczeg\u00f3lno\u015bci w zakresie produkcji wydarze\u0144, bud\u017cetowania i zarz\u0105dzania finansowego. Wspieramy artyst\u00f3w i animator\u00f3w w na ka\u017cdym etapie realizacji projektu. Pomagamy rozwin\u0105\u0107 pomys\u0142, zbudowa\u0107 kosztorys oraz zaprojektowa\u0107 model finansowania. Przyk\u0142ady dotychczas realizowanych projekt\u00f3w znajduj\u0105 si\u0119 w zak\u0142adce portfolio. Ponad 10-letnie do\u015bwiadczenie w pozyskiwaniu \u015brodk\u00f3w na dzia\u0142alno\u015b\u0107 w zakresie kultury i sztuki sprawia, \u017ce przygotowywane aplikacje s\u0105 wysoko<\/p>\n<p><a class=\"continue-reading\" href=\"http:\/\/arts360.pl\/\">Continue reading&#8230;<\/a><\/p>\n","protected":false},"author":1,"featured_media":0,"parent":0,"menu_order":0,"comment_status":"closed","ping_status":"closed","template":"","meta":{"footnotes":""},"class_list":["post-16","page","type-page","status-publish","hentry"],"_links":{"self":[{"href":"https:\/\/arts360.pl\/index.php?rest_route=\/wp\/v2\/pages\/16","targetHints":{"allow":["GET"]}}],"collection":[{"href":"https:\/\/arts360.pl\/index.php?rest_route=\/wp\/v2\/pages"}],"about":[{"href":"https:\/\/arts360.pl\/index.php?rest_route=\/wp\/v2\/types\/page"}],"author":[{"embeddable":true,"href":"https:\/\/arts360.pl\/index.php?rest_route=\/wp\/v2\/users\/1"}],"replies":[{"embeddable":true,"href":"https:\/\/arts360.pl\/index.php?rest_route=%2Fwp%2Fv2%2Fcomments&post=16"}],"version-history":[{"count":10,"href":"https:\/\/arts360.pl\/index.php?rest_route=\/wp\/v2\/pages\/16\/revisions"}],"predecessor-version":[{"id":370,"href":"https:\/\/arts360.pl\/index.php?rest_route=\/wp\/v2\/pages\/16\/revisions\/370"}],"wp:attachment":[{"href":"https:\/\/arts360.pl\/index.php?rest_route=%2Fwp%2Fv2%2Fmedia&parent=16"}],"curies":[{"name":"wp","href":"https:\/\/api.w.org\/{rel}","templated":true}]}}